{"id":1971,"date":"2023-11-16T09:16:25","date_gmt":"2023-11-16T08:16:25","guid":{"rendered":"https:\/\/www.eurolegnosrl.it\/kontakt\/"},"modified":"2024-01-08T10:59:00","modified_gmt":"2024-01-08T09:59:00","slug":"kontakt","status":"publish","type":"page","link":"https:\/\/www.eurolegnosrl.it\/de\/kontakt\/","title":{"rendered":"Kontakt"},"content":{"rendered":"\t\t<div data-elementor-type=\"wp-page\" data-elementor-id=\"1971\" class=\"elementor elementor-1971 elementor-1569\" data-elementor-post-type=\"page\">\n\t\t\t\t<div class=\"elementor-element elementor-element-06ee816 e-flex e-con-boxed e-con e-parent\" data-id=\"06ee816\" data-element_type=\"container\" data-e-type=\"container\" data-settings=\"{&quot;background_background&quot;:&quot;classic&quot;}\">\n\t\t\t\t\t<div class=\"e-con-inner\">\n\t\t<div class=\"elementor-element elementor-element-f9dac0a e-con-full e-flex e-con e-child\" data-id=\"f9dac0a\" data-element_type=\"container\" data-e-type=\"container\">\n\t\t\t\t<div class=\"elementor-element elementor-element-3f297fc elementor-invisible elementor-widget elementor-widget-heading\" data-id=\"3f297fc\" data-element_type=\"widget\" data-e-type=\"widget\" data-settings=\"{&quot;_animation&quot;:&quot;fadeIn&quot;,&quot;_animation_delay&quot;:150}\" data-widget_type=\"heading.default\">\n\t\t\t\t<div class=\"elementor-widget-container\">\n\t\t\t\t\t<h2 class=\"elementor-heading-title elementor-size-default\">Kontaktinformationen<\/h2>\t\t\t\t<\/div>\n\t\t\t\t<\/div>\n\t\t\t\t<div class=\"elementor-element elementor-element-6d1e2b4 elementor-widget-divider--view-line elementor-invisible elementor-widget elementor-widget-divider\" data-id=\"6d1e2b4\" data-element_type=\"widget\" data-e-type=\"widget\" data-settings=\"{&quot;_animation&quot;:&quot;fadeIn&quot;,&quot;_animation_delay&quot;:200}\" data-widget_type=\"divider.default\">\n\t\t\t\t<div class=\"elementor-widget-container\">\n\t\t\t\t\t\t\t<div class=\"elementor-divider\">\n\t\t\t<span class=\"elementor-divider-separator\">\n\t\t\t\t\t\t<\/span>\n\t\t<\/div>\n\t\t\t\t\t\t<\/div>\n\t\t\t\t<\/div>\n\t\t\t\t<div class=\"elementor-element elementor-element-86bce53 elementor-invisible elementor-widget elementor-widget-text-editor\" data-id=\"86bce53\" data-element_type=\"widget\" data-e-type=\"widget\" data-settings=\"{&quot;_animation&quot;:&quot;fadeIn&quot;,&quot;_animation_delay&quot;:250}\" data-widget_type=\"text-editor.default\">\n\t\t\t\t<div class=\"elementor-widget-container\">\n\t\t\t\t\t\t\t\t\t<strong>EUROLEGNO s.r.l.<\/strong>\nVia Carl Marx 107, 60022 Castelfidardo\n\nTelefon: +39 0717823337\n\nE-mail:<span style=\"color: #ffffff;\"><a style=\"color: #ffffff;\" href=\"mailto:info@eurolegnosrl.it\">info@eurolegnosrl.it<\/a><\/span>\t\t\t\t\t\t\t\t<\/div>\n\t\t\t\t<\/div>\n\t\t\t\t<div class=\"elementor-element elementor-element-725cd1a elementor-invisible elementor-widget elementor-widget-heading\" data-id=\"725cd1a\" data-element_type=\"widget\" data-e-type=\"widget\" data-settings=\"{&quot;_animation&quot;:&quot;fadeIn&quot;,&quot;_animation_delay&quot;:150}\" data-widget_type=\"heading.default\">\n\t\t\t\t<div class=\"elementor-widget-container\">\n\t\t\t\t\t<h2 class=\"elementor-heading-title elementor-size-default\">For any information <\/h2>\t\t\t\t<\/div>\n\t\t\t\t<\/div>\n\t\t\t\t<div class=\"elementor-element elementor-element-47d6685 elementor-widget-divider--view-line elementor-invisible elementor-widget elementor-widget-divider\" data-id=\"47d6685\" data-element_type=\"widget\" data-e-type=\"widget\" data-settings=\"{&quot;_animation&quot;:&quot;fadeIn&quot;,&quot;_animation_delay&quot;:200}\" data-widget_type=\"divider.default\">\n\t\t\t\t<div class=\"elementor-widget-container\">\n\t\t\t\t\t\t\t<div class=\"elementor-divider\">\n\t\t\t<span class=\"elementor-divider-separator\">\n\t\t\t\t\t\t<\/span>\n\t\t<\/div>\n\t\t\t\t\t\t<\/div>\n\t\t\t\t<\/div>\n\t\t\t\t<div class=\"elementor-element elementor-element-1ff2694 elementor-button-align-stretch elementor-widget elementor-widget-form\" data-id=\"1ff2694\" data-element_type=\"widget\" data-e-type=\"widget\" data-settings=\"{&quot;step_next_label&quot;:&quot;N\\u00e4chste&quot;,&quot;step_previous_label&quot;:&quot;Vorherige&quot;,&quot;step_type&quot;:&quot;number_text&quot;,&quot;step_icon_shape&quot;:&quot;circle&quot;}\" data-widget_type=\"form.default\">\n\t\t\t\t<div class=\"elementor-widget-container\">\n\t\t\t\t\t\t\t<form class=\"elementor-form\" method=\"post\" name=\"Neues Formular\" aria-label=\"Neues Formular\">\n\t\t\t<input type=\"hidden\" name=\"post_id\" value=\"1971\"\/>\n\t\t\t<input type=\"hidden\" name=\"form_id\" value=\"1ff2694\"\/>\n\t\t\t<input type=\"hidden\" name=\"referer_title\" value=\"Kontakt - Eurolegno Srl - Panche e sgabelli per pianoforte dal 1976\" \/>\n\n\t\t\t\t\t\t\t<input type=\"hidden\" name=\"queried_id\" value=\"1971\"\/>\n\t\t\t\n\t\t\t<div class=\"elementor-form-fields-wrapper elementor-labels-above\">\n\t\t\t\t\t\t\t\t<div class=\"elementor-field-type-text elementor-field-group elementor-column elementor-field-group-email elementor-col-100 elementor-field-required\">\n\t\t\t\t\t\t\t\t\t\t\t\t\t<input size=\"1\" type=\"text\" name=\"form_fields[email]\" id=\"form-field-email\" class=\"elementor-field elementor-size-lg  elementor-field-textual\" placeholder=\"Vorname und Nachname\" required=\"required\">\n\t\t\t\t\t\t\t\t\t\t\t<\/div>\n\t\t\t\t\t\t\t\t<div class=\"elementor-field-type-email elementor-field-group elementor-column elementor-field-group-6850d19 elementor-col-100 elementor-field-required\">\n\t\t\t\t\t\t\t\t\t\t\t\t\t<input size=\"1\" type=\"email\" name=\"form_fields[6850d19]\" id=\"form-field-6850d19\" class=\"elementor-field elementor-size-lg  elementor-field-textual\" placeholder=\"vorname@email.it\" required=\"required\">\n\t\t\t\t\t\t\t\t\t\t\t<\/div>\n\t\t\t\t\t\t\t\t<div class=\"elementor-field-type-textarea elementor-field-group elementor-column elementor-field-group-da6d553 elementor-col-100\">\n\t\t\t\t\t<textarea class=\"elementor-field-textual elementor-field  elementor-size-lg\" name=\"form_fields[da6d553]\" id=\"form-field-da6d553\" rows=\"4\" placeholder=\"Schreiben Sie hier Ihre Nachricht\"><\/textarea>\t\t\t\t<\/div>\n\t\t\t\t\t\t\t\t<div class=\"elementor-field-type-acceptance elementor-field-group elementor-column elementor-field-group-field_49b455b elementor-col-100 elementor-field-required\">\n\t\t\t\t\t\t\t<div class=\"elementor-field-subgroup\">\n\t\t\t<span class=\"elementor-field-option\">\n\t\t\t\t<input type=\"checkbox\" name=\"form_fields[field_49b455b]\" id=\"form-field-field_49b455b\" class=\"elementor-field elementor-size-lg  elementor-acceptance-field\" required=\"required\">\n\t\t\t\t<label for=\"form-field-field_49b455b\">Ich habe Informationen aus der <a href=\"https:\/\/www.eurolegnosrl.it\/informativa-privacy\/\">Datenschutzerkl\u00e4rung<\/a> erhalten und willige in die Verarbeitung personenbezogener Daten ein.\n\n<\/label>\t\t\t<\/span>\n\t\t<\/div>\n\t\t\t\t\t\t<\/div>\n\t\t\t\t\t\t\t\t<div class=\"elementor-field-group elementor-column elementor-field-type-submit elementor-col-100 e-form__buttons\">\n\t\t\t\t\t<button class=\"elementor-button elementor-size-md\" type=\"submit\">\n\t\t\t\t\t\t<span class=\"elementor-button-content-wrapper\">\n\t\t\t\t\t\t\t\t\t\t\t\t\t\t\t\t\t\t\t\t\t\t<span class=\"elementor-button-text\">NACHRICHT SENDEN<\/span>\n\t\t\t\t\t\t\t\t\t\t\t\t\t<\/span>\n\t\t\t\t\t<\/button>\n\t\t\t\t<\/div>\n\t\t\t<\/div>\n\t\t<\/form>\n\t\t\t\t\t\t<\/div>\n\t\t\t\t<\/div>\n\t\t\t\t<\/div>\n\t\t<div class=\"elementor-element elementor-element-eb902e7 e-con-full e-flex e-con e-child\" data-id=\"eb902e7\" data-element_type=\"container\" data-e-type=\"container\">\n\t\t\t\t<div class=\"elementor-element elementor-element-ed86ee3 elementor-widget elementor-widget-google_maps\" data-id=\"ed86ee3\" data-element_type=\"widget\" data-e-type=\"widget\" data-widget_type=\"google_maps.default\">\n\t\t\t\t<div class=\"elementor-widget-container\">\n\t\t\t\t\t\t\t<div class=\"elementor-custom-embed\">\n\t\t\t<iframe loading=\"lazy\"\n\t\t\t\t\tsrc=\"https:\/\/maps.google.com\/maps?q=Eurolegno%20srl%2C%20Via%20Carl%20Marx%20107%20Castelfidardo&#038;t=m&#038;z=16&#038;output=embed&#038;iwloc=near\"\n\t\t\t\t\ttitle=\"Eurolegno srl, Via Carl Marx 107 Castelfidardo\"\n\t\t\t\t\taria-label=\"Eurolegno srl, Via Carl Marx 107 Castelfidardo\"\n\t\t\t><\/iframe>\n\t\t<\/div>\n\t\t\t\t\t\t<\/div>\n\t\t\t\t<\/div>\n\t\t\t\t<\/div>\n\t\t\t\t\t<\/div>\n\t\t\t\t<\/div>\n\t\t\t\t<\/div>\n\t\t","protected":false},"excerpt":{"rendered":"<p>Kontaktinformationen EUROLEGNO s.r.l. Via Carl Marx 107, 60022 Castelfidardo Telefon: +39 0717823337 E-mail:info@eurolegnosrl.it For any information<\/p>\n","protected":false},"author":1,"featured_media":0,"parent":0,"menu_order":0,"comment_status":"closed","ping_status":"closed","template":"elementor_theme","meta":{"_acf_changed":false,"footnotes":""},"class_list":["post-1971","page","type-page","status-publish","hentry"],"acf":[],"yoast_head":"<!-- This site is optimized with the Yoast SEO plugin v27.1.1 - https:\/\/yoast.com\/product\/yoast-seo-wordpress\/ -->\n<title>Kontakt - Eurolegno Srl - Panche e sgabelli per pianoforte dal 1976<\/title>\n<meta name=\"description\" content=\"Kontaktieren Sie Eurolegno srl f\u00fcr ein Angebot f\u00fcr unsere Klavierhocker und -b\u00e4nke oder f\u00fcr die Lackierung von Akkordeons.\" \/>\n<meta name=\"robots\" content=\"index, follow, max-snippet:-1, max-image-preview:large, max-video-preview:-1\" \/>\n<link rel=\"canonical\" href=\"https:\/\/www.eurolegnosrl.it\/de\/kontakt\/\" \/>\n<meta property=\"og:locale\" content=\"de_DE\" \/>\n<meta property=\"og:type\" content=\"article\" \/>\n<meta property=\"og:title\" content=\"Kontakt - Eurolegno Srl - Panche e sgabelli per pianoforte dal 1976\" \/>\n<meta property=\"og:description\" content=\"Kontaktieren Sie Eurolegno srl f\u00fcr ein Angebot f\u00fcr unsere Klavierhocker und -b\u00e4nke oder f\u00fcr die Lackierung von Akkordeons.\" \/>\n<meta property=\"og:url\" content=\"https:\/\/www.eurolegnosrl.it\/de\/kontakt\/\" \/>\n<meta property=\"og:site_name\" content=\"Eurolegno Srl - Panche e sgabelli per pianoforte dal 1976\" \/>\n<meta property=\"article:modified_time\" content=\"2024-01-08T09:59:00+00:00\" \/>\n<meta name=\"twitter:card\" content=\"summary_large_image\" \/>\n<script type=\"application\/ld+json\" class=\"yoast-schema-graph\">{\"@context\":\"https:\/\/schema.org\",\"@graph\":[{\"@type\":\"WebPage\",\"@id\":\"https:\/\/www.eurolegnosrl.it\/de\/kontakt\/\",\"url\":\"https:\/\/www.eurolegnosrl.it\/de\/kontakt\/\",\"name\":\"Kontakt - Eurolegno Srl - Panche e sgabelli per pianoforte dal 1976\",\"isPartOf\":{\"@id\":\"https:\/\/www.eurolegnosrl.it\/en\/#website\"},\"datePublished\":\"2023-11-16T08:16:25+00:00\",\"dateModified\":\"2024-01-08T09:59:00+00:00\",\"description\":\"Kontaktieren Sie Eurolegno srl f\u00fcr ein Angebot f\u00fcr unsere Klavierhocker und -b\u00e4nke oder f\u00fcr die Lackierung von Akkordeons.\",\"breadcrumb\":{\"@id\":\"https:\/\/www.eurolegnosrl.it\/de\/kontakt\/#breadcrumb\"},\"inLanguage\":\"de\",\"potentialAction\":[{\"@type\":\"ReadAction\",\"target\":[\"https:\/\/www.eurolegnosrl.it\/de\/kontakt\/\"]}]},{\"@type\":\"BreadcrumbList\",\"@id\":\"https:\/\/www.eurolegnosrl.it\/de\/kontakt\/#breadcrumb\",\"itemListElement\":[{\"@type\":\"ListItem\",\"position\":1,\"name\":\"Home\",\"item\":\"https:\/\/www.eurolegnosrl.it\/de\/\"},{\"@type\":\"ListItem\",\"position\":2,\"name\":\"Kontakt\"}]},{\"@type\":\"WebSite\",\"@id\":\"https:\/\/www.eurolegnosrl.it\/en\/#website\",\"url\":\"https:\/\/www.eurolegnosrl.it\/en\/\",\"name\":\"Eurolegno Srl - Panche e sgabelli per pianoforte dal 1976\",\"description\":\"\",\"publisher\":{\"@id\":\"https:\/\/www.eurolegnosrl.it\/en\/#organization\"},\"potentialAction\":[{\"@type\":\"SearchAction\",\"target\":{\"@type\":\"EntryPoint\",\"urlTemplate\":\"https:\/\/www.eurolegnosrl.it\/en\/?s={search_term_string}\"},\"query-input\":{\"@type\":\"PropertyValueSpecification\",\"valueRequired\":true,\"valueName\":\"search_term_string\"}}],\"inLanguage\":\"de\"},{\"@type\":\"Organization\",\"@id\":\"https:\/\/www.eurolegnosrl.it\/en\/#organization\",\"name\":\"Eurolegno Srl - Panche e sgabelli per pianoforte dal 1976\",\"url\":\"https:\/\/www.eurolegnosrl.it\/en\/\",\"logo\":{\"@type\":\"ImageObject\",\"inLanguage\":\"de\",\"@id\":\"https:\/\/www.eurolegnosrl.it\/en\/#\/schema\/logo\/image\/\",\"url\":\"https:\/\/www.eurolegnosrl.it\/wp-content\/uploads\/2023\/09\/logo.png\",\"contentUrl\":\"https:\/\/www.eurolegnosrl.it\/wp-content\/uploads\/2023\/09\/logo.png\",\"width\":266,\"height\":59,\"caption\":\"Eurolegno Srl - Panche e sgabelli per pianoforte dal 1976\"},\"image\":{\"@id\":\"https:\/\/www.eurolegnosrl.it\/en\/#\/schema\/logo\/image\/\"}}]}<\/script>\n<!-- \/ Yoast SEO plugin. -->","yoast_head_json":{"title":"Kontakt - Eurolegno Srl - Panche e sgabelli per pianoforte dal 1976","description":"Kontaktieren Sie Eurolegno srl f\u00fcr ein Angebot f\u00fcr unsere Klavierhocker und -b\u00e4nke oder f\u00fcr die Lackierung von Akkordeons.","robots":{"index":"index","follow":"follow","max-snippet":"max-snippet:-1","max-image-preview":"max-image-preview:large","max-video-preview":"max-video-preview:-1"},"canonical":"https:\/\/www.eurolegnosrl.it\/de\/kontakt\/","og_locale":"de_DE","og_type":"article","og_title":"Kontakt - Eurolegno Srl - Panche e sgabelli per pianoforte dal 1976","og_description":"Kontaktieren Sie Eurolegno srl f\u00fcr ein Angebot f\u00fcr unsere Klavierhocker und -b\u00e4nke oder f\u00fcr die Lackierung von Akkordeons.","og_url":"https:\/\/www.eurolegnosrl.it\/de\/kontakt\/","og_site_name":"Eurolegno Srl - Panche e sgabelli per pianoforte dal 1976","article_modified_time":"2024-01-08T09:59:00+00:00","twitter_card":"summary_large_image","schema":{"@context":"https:\/\/schema.org","@graph":[{"@type":"WebPage","@id":"https:\/\/www.eurolegnosrl.it\/de\/kontakt\/","url":"https:\/\/www.eurolegnosrl.it\/de\/kontakt\/","name":"Kontakt - Eurolegno Srl - Panche e sgabelli per pianoforte dal 1976","isPartOf":{"@id":"https:\/\/www.eurolegnosrl.it\/en\/#website"},"datePublished":"2023-11-16T08:16:25+00:00","dateModified":"2024-01-08T09:59:00+00:00","description":"Kontaktieren Sie Eurolegno srl f\u00fcr ein Angebot f\u00fcr unsere Klavierhocker und -b\u00e4nke oder f\u00fcr die Lackierung von Akkordeons.","breadcrumb":{"@id":"https:\/\/www.eurolegnosrl.it\/de\/kontakt\/#breadcrumb"},"inLanguage":"de","potentialAction":[{"@type":"ReadAction","target":["https:\/\/www.eurolegnosrl.it\/de\/kontakt\/"]}]},{"@type":"BreadcrumbList","@id":"https:\/\/www.eurolegnosrl.it\/de\/kontakt\/#breadcrumb","itemListElement":[{"@type":"ListItem","position":1,"name":"Home","item":"https:\/\/www.eurolegnosrl.it\/de\/"},{"@type":"ListItem","position":2,"name":"Kontakt"}]},{"@type":"WebSite","@id":"https:\/\/www.eurolegnosrl.it\/en\/#website","url":"https:\/\/www.eurolegnosrl.it\/en\/","name":"Eurolegno Srl - Panche e sgabelli per pianoforte dal 1976","description":"","publisher":{"@id":"https:\/\/www.eurolegnosrl.it\/en\/#organization"},"potentialAction":[{"@type":"SearchAction","target":{"@type":"EntryPoint","urlTemplate":"https:\/\/www.eurolegnosrl.it\/en\/?s={search_term_string}"},"query-input":{"@type":"PropertyValueSpecification","valueRequired":true,"valueName":"search_term_string"}}],"inLanguage":"de"},{"@type":"Organization","@id":"https:\/\/www.eurolegnosrl.it\/en\/#organization","name":"Eurolegno Srl - Panche e sgabelli per pianoforte dal 1976","url":"https:\/\/www.eurolegnosrl.it\/en\/","logo":{"@type":"ImageObject","inLanguage":"de","@id":"https:\/\/www.eurolegnosrl.it\/en\/#\/schema\/logo\/image\/","url":"https:\/\/www.eurolegnosrl.it\/wp-content\/uploads\/2023\/09\/logo.png","contentUrl":"https:\/\/www.eurolegnosrl.it\/wp-content\/uploads\/2023\/09\/logo.png","width":266,"height":59,"caption":"Eurolegno Srl - Panche e sgabelli per pianoforte dal 1976"},"image":{"@id":"https:\/\/www.eurolegnosrl.it\/en\/#\/schema\/logo\/image\/"}}]}},"_links":{"self":[{"href":"https:\/\/www.eurolegnosrl.it\/de\/wp-json\/wp\/v2\/pages\/1971","targetHints":{"allow":["GET"]}}],"collection":[{"href":"https:\/\/www.eurolegnosrl.it\/de\/wp-json\/wp\/v2\/pages"}],"about":[{"href":"https:\/\/www.eurolegnosrl.it\/de\/wp-json\/wp\/v2\/types\/page"}],"author":[{"embeddable":true,"href":"https:\/\/www.eurolegnosrl.it\/de\/wp-json\/wp\/v2\/users\/1"}],"replies":[{"embeddable":true,"href":"https:\/\/www.eurolegnosrl.it\/de\/wp-json\/wp\/v2\/comments?post=1971"}],"version-history":[{"count":6,"href":"https:\/\/www.eurolegnosrl.it\/de\/wp-json\/wp\/v2\/pages\/1971\/revisions"}],"predecessor-version":[{"id":2103,"href":"https:\/\/www.eurolegnosrl.it\/de\/wp-json\/wp\/v2\/pages\/1971\/revisions\/2103"}],"wp:attachment":[{"href":"https:\/\/www.eurolegnosrl.it\/de\/wp-json\/wp\/v2\/media?parent=1971"}],"curies":[{"name":"wp","href":"https:\/\/api.w.org\/{rel}","templated":true}]}}